{"id":2553,"date":"2024-12-05T20:11:31","date_gmt":"2024-12-05T20:11:31","guid":{"rendered":"https:\/\/pnurnigeria.org\/bookstore\/?post_type=product&#038;p=2553"},"modified":"2026-02-22T01:45:21","modified_gmt":"2026-02-22T01:45:21","slug":"comment-transformer-mon-eglise-ministere-en-une-station-de-puissance","status":"publish","type":"product","link":"https:\/\/pnurnigeria.org\/bookstore\/product\/comment-transformer-mon-eglise-ministere-en-une-station-de-puissance\/","title":{"rendered":"COMMENT TRANSFORMER MON \u00c9GLISE\/MINIST\u00c8RE EN UNE STATION DE PUISSANCE ?"},"content":{"rendered":"<p>Mon intention est de discuter de la mani\u00e8re d&#8217;atteindre ce niveau de manifestation de puissance spirituelle dans chaque \u00e9glise ou minist\u00e8re. Je veux d\u00e9mystifier la Station de Puissance afin que tous ceux qui veulent avoir ce genre d&#8217;atmosph\u00e8re dans leurs \u00e9glises ou leurs minist\u00e8res sachent comment y parvenir Dans ce livre, je parle de certains hommes dont la vie a \u00e9t\u00e9 le catalyseur qui m&#8217;a motiv\u00e9 \u00e0 rechercher la puissance spirituelle<br \/>\npar le Saint-Esprit.<\/p>\n<p>Je souhaite que les enseignements de ce petit livre soient test\u00e9s m\u00eame dans les \u00e9glises qui sont dans la lign\u00e9e de celles que j&#8217;ai appel\u00e9es \u00ab Cimeti\u00e8res \u00bb dans ce livre. Quelle que soit la mort de votre \u00e9glise ou de votre minist\u00e8re, je crois fermement que Dieu ne fait pas acception de personnes ; il fera pour vous ce qu&#8217;il a fait pour tous ses instruments dans le monde entier.<\/p>\n<p><strong>Voici les points sur lesquels se concentre ce livre:<\/strong><br \/>\na. Comment g\u00e9rer un centre de d\u00e9livrance<br \/>\nb. Qu&#8217;est-ce qu&#8217;un centre de d\u00e9livrance ?<br \/>\nc. Exemples bibliques de centres de d\u00e9livrance<br \/>\nd. Attributs d&#8217;un centre de d\u00e9livrance<br \/>\ne. Le travail d&#8217;\u00e9quipe dans le minist\u00e8re de d\u00e9livrance<br \/>\nf. Comment faire de votre centre une Station de Puissance<br \/>\ng. Pourquoi certains centres de d\u00e9livrance \u00e9chouent<br \/>\nh. L&#8217;implantation d&#8217;une \u00e9glise et le minist\u00e8re de d\u00e9livrance<br \/>\ni. L&#8217;administration dans le minist\u00e8re de d\u00e9livrance<br \/>\nj. L&#8217;argent et le minist\u00e8re de d\u00e9livrance<br \/>\nk. La collaboration avec d&#8217;autres dons dans le centre de d\u00e9livrance<br \/>\nl. L&#8217;\u00e9quipe d&#8217;intervention rapide (SWAT) dans le minist\u00e8re de d\u00e9livrance<\/p>\n<p>J&#8217;esp\u00e8re traiter tous ces sujets directement ou indirectement au<br \/>\ncours de notre voyage. Je prie pour que le Saint-Esprit vous<br \/>\nguide dans toute la v\u00e9rit\u00e9, au nom de J\u00e9sus.<\/p>\n<p>Bonne lecture!<br \/>\nEmma votre fr\u00e8re @PNUR<\/p>\n","protected":false},"excerpt":{"rendered":"<p><strong>Voici les points sur lesquels se concentre ce livre:<\/strong><br \/>\na. Comment g\u00e9rer un centre de d\u00e9livrance<br \/>\nb. Qu&#8217;est-ce qu&#8217;un centre de d\u00e9livrance ?<br \/>\nc. Exemples bibliques de centres de d\u00e9livrance<br \/>\nd. Attributs d&#8217;un centre de d\u00e9livrance<br \/>\ne. Le travail d&#8217;\u00e9quipe dans le minist\u00e8re de d\u00e9livrance<br \/>\nf. Comment faire de votre centre une Station de Puissance<br \/>\ng. Pourquoi certains centres de d\u00e9livrance \u00e9chouent<br \/>\nh. L&#8217;implantation d&#8217;une \u00e9glise et le minist\u00e8re de d\u00e9livrance<br \/>\ni. L&#8217;administration dans le minist\u00e8re de d\u00e9livrance<br \/>\nj. L&#8217;argent et le minist\u00e8re de d\u00e9livrance<br \/>\nk. La collaboration avec d&#8217;autres dons dans le centre de d\u00e9livrance<br \/>\nl. L&#8217;\u00e9quipe d&#8217;intervention rapide (SWAT) dans le minist\u00e8re de d\u00e9livrance<\/p>\n","protected":false},"featured_media":0,"comment_status":"open","ping_status":"closed","template":"","meta":{"site-sidebar-layout":"default","site-content-layout":"","ast-site-content-layout":"default","site-content-style":"default","site-sidebar-style":"default","ast-global-header-display":"","ast-banner-title-visibility":"","ast-main-header-display":"","ast-hfb-above-header-display":"","ast-hfb-below-header-display":"","ast-hfb-mobile-header-display":"","site-post-title":"","ast-breadcrumbs-content":"","ast-featured-img":"","footer-sml-layout":"","ast-disable-related-posts":"","theme-transparent-header-meta":"default","adv-header-id-meta":"","stick-header-meta":"","header-above-stick-meta":"","header-main-stick-meta":"","header-below-stick-meta":"","astra-migrate-meta-layouts":"set","ast-page-background-enabled":"default","ast-page-background-meta":{"desktop":{"background-color":"","background-image":"","background-repeat":"repeat","background-position":"center center","background-size":"auto","background-attachment":"scroll","background-type":"","background-media":"","overlay-type":"","overlay-color":"","overlay-opacity":"","overlay-gradient":""},"tablet":{"background-color":"","background-image":"","background-repeat":"repeat","background-position":"center center","background-size":"auto","background-attachment":"scroll","background-type":"","background-media":"","overlay-type":"","overlay-color":"","overlay-opacity":"","overlay-gradient":""},"mobile":{"background-color":"","background-image":"","background-repeat":"repeat","background-position":"center center","background-size":"auto","background-attachment":"scroll","background-type":"","background-media":"","overlay-type":"","overlay-color":"","overlay-opacity":"","overlay-gradient":""}},"ast-content-background-meta":{"desktop":{"background-color":"var(--ast-global-color-5)","background-image":"","background-repeat":"repeat","background-position":"center center","background-size":"auto","background-attachment":"scroll","background-type":"","background-media":"","overlay-type":"","overlay-color":"","overlay-opacity":"","overlay-gradient":""},"tablet":{"background-color":"var(--ast-global-color-5)","background-image":"","background-repeat":"repeat","background-position":"center center","background-size":"auto","background-attachment":"scroll","background-type":"","background-media":"","overlay-type":"","overlay-color":"","overlay-opacity":"","overlay-gradient":""},"mobile":{"background-color":"var(--ast-global-color-5)","background-image":"","background-repeat":"repeat","background-position":"center center","background-size":"auto","background-attachment":"scroll","background-type":"","background-media":"","overlay-type":"","overlay-color":"","overlay-opacity":"","overlay-gradient":""}}},"product_brand":[],"product_cat":[76,28,27],"product_tag":[],"class_list":{"0":"post-2553","1":"product","2":"type-product","3":"status-publish","5":"product_cat-french","6":"product_cat-mentorship","7":"product_cat-revival","8":"desktop-align-left","9":"tablet-align-left","10":"mobile-align-left","12":"first","13":"instock","14":"downloadable","15":"shipping-taxable","16":"purchasable","17":"product-type-simple"},"yoast_head":"<!-- This site is optimized with the Yoast SEO plugin v27.4 - https:\/\/yoast.com\/product\/yoast-seo-wordpress\/ -->\n<title>COMMENT TRANSFORMER MON \u00c9GLISE\/MINIST\u00c8RE EN UNE STATION DE PUISSANCE ? - PNUR Bookstore<\/title>\n<meta name=\"robots\" content=\"index, follow, max-snippet:-1, max-image-preview:large, max-video-preview:-1\" \/>\n<link rel=\"canonical\" href=\"https:\/\/pnurnigeria.org\/bookstore\/product\/comment-transformer-mon-eglise-ministere-en-une-station-de-puissance\/\" \/>\n<meta property=\"og:locale\" content=\"en_US\" \/>\n<meta property=\"og:type\" content=\"article\" \/>\n<meta property=\"og:title\" content=\"COMMENT TRANSFORMER MON \u00c9GLISE\/MINIST\u00c8RE EN UNE STATION DE PUISSANCE ? - PNUR Bookstore\" \/>\n<meta property=\"og:description\" content=\"Voici les points sur lesquels se concentre ce livre: a. Comment g\u00e9rer un centre de d\u00e9livrance b. Qu&#039;est-ce qu&#039;un centre de d\u00e9livrance ? c. Exemples bibliques de centres de d\u00e9livrance d. Attributs d&#039;un centre de d\u00e9livrance e. Le travail d&#039;\u00e9quipe dans le minist\u00e8re de d\u00e9livrance f. Comment faire de votre centre une Station de Puissance g. Pourquoi certains centres de d\u00e9livrance \u00e9chouent h. L&#039;implantation d&#039;une \u00e9glise et le minist\u00e8re de d\u00e9livrance i. L&#039;administration dans le minist\u00e8re de d\u00e9livrance j. L&#039;argent et le minist\u00e8re de d\u00e9livrance k. La collaboration avec d&#039;autres dons dans le centre de d\u00e9livrance l. L&#039;\u00e9quipe d&#039;intervention rapide (SWAT) dans le minist\u00e8re de d\u00e9livrance\" \/>\n<meta property=\"og:url\" content=\"https:\/\/pnurnigeria.org\/bookstore\/product\/comment-transformer-mon-eglise-ministere-en-une-station-de-puissance\/\" \/>\n<meta property=\"og:site_name\" content=\"PNUR Bookstore\" \/>\n<meta property=\"article:publisher\" content=\"https:\/\/web.facebook.com\/groups\/116094248561072\" \/>\n<meta property=\"article:modified_time\" content=\"2026-02-22T01:45:21+00:00\" \/>\n<meta name=\"twitter:card\" content=\"summary_large_image\" \/>\n<meta name=\"twitter:label1\" content=\"Est. reading time\" \/>\n\t<meta name=\"twitter:data1\" content=\"2 minutes\" \/>\n<script type=\"application\/ld+json\" class=\"yoast-schema-graph\">{\"@context\":\"https:\\\/\\\/schema.org\",\"@graph\":[{\"@type\":\"WebPage\",\"@id\":\"https:\\\/\\\/pnurnigeria.org\\\/bookstore\\\/product\\\/comment-transformer-mon-eglise-ministere-en-une-station-de-puissance\\\/\",\"url\":\"https:\\\/\\\/pnurnigeria.org\\\/bookstore\\\/product\\\/comment-transformer-mon-eglise-ministere-en-une-station-de-puissance\\\/\",\"name\":\"COMMENT TRANSFORMER MON \u00c9GLISE\\\/MINIST\u00c8RE EN UNE STATION DE PUISSANCE ? - PNUR Bookstore\",\"isPartOf\":{\"@id\":\"https:\\\/\\\/pnurnigeria.org\\\/bookstore\\\/#website\"},\"datePublished\":\"2024-12-05T20:11:31+00:00\",\"dateModified\":\"2026-02-22T01:45:21+00:00\",\"breadcrumb\":{\"@id\":\"https:\\\/\\\/pnurnigeria.org\\\/bookstore\\\/product\\\/comment-transformer-mon-eglise-ministere-en-une-station-de-puissance\\\/#breadcrumb\"},\"inLanguage\":\"en-US\",\"potentialAction\":[{\"@type\":\"ReadAction\",\"target\":[\"https:\\\/\\\/pnurnigeria.org\\\/bookstore\\\/product\\\/comment-transformer-mon-eglise-ministere-en-une-station-de-puissance\\\/\"]}]},{\"@type\":\"BreadcrumbList\",\"@id\":\"https:\\\/\\\/pnurnigeria.org\\\/bookstore\\\/product\\\/comment-transformer-mon-eglise-ministere-en-une-station-de-puissance\\\/#breadcrumb\",\"itemListElement\":[{\"@type\":\"ListItem\",\"position\":1,\"name\":\"Home\",\"item\":\"https:\\\/\\\/pnurnigeria.org\\\/bookstore\\\/\"},{\"@type\":\"ListItem\",\"position\":2,\"name\":\"Products\",\"item\":\"https:\\\/\\\/pnurnigeria.org\\\/bookstore\\\/shop\\\/\"},{\"@type\":\"ListItem\",\"position\":3,\"name\":\"COMMENT TRANSFORMER MON \u00c9GLISE\\\/MINIST\u00c8RE EN UNE STATION DE PUISSANCE ?\"}]},{\"@type\":\"WebSite\",\"@id\":\"https:\\\/\\\/pnurnigeria.org\\\/bookstore\\\/#website\",\"url\":\"https:\\\/\\\/pnurnigeria.org\\\/bookstore\\\/\",\"name\":\"PNUR Bookstore\",\"description\":\"PNUR Bookstore\",\"publisher\":{\"@id\":\"https:\\\/\\\/pnurnigeria.org\\\/bookstore\\\/#organization\"},\"potentialAction\":[{\"@type\":\"SearchAction\",\"target\":{\"@type\":\"EntryPoint\",\"urlTemplate\":\"https:\\\/\\\/pnurnigeria.org\\\/bookstore\\\/?s={search_term_string}\"},\"query-input\":{\"@type\":\"PropertyValueSpecification\",\"valueRequired\":true,\"valueName\":\"search_term_string\"}}],\"inLanguage\":\"en-US\"},{\"@type\":\"Organization\",\"@id\":\"https:\\\/\\\/pnurnigeria.org\\\/bookstore\\\/#organization\",\"name\":\"PNUR Bookstore\",\"url\":\"https:\\\/\\\/pnurnigeria.org\\\/bookstore\\\/\",\"logo\":{\"@type\":\"ImageObject\",\"inLanguage\":\"en-US\",\"@id\":\"https:\\\/\\\/pnurnigeria.org\\\/bookstore\\\/#\\\/schema\\\/logo\\\/image\\\/\",\"url\":\"https:\\\/\\\/pnurnigeria.org\\\/bookstore\\\/wp-content\\\/uploads\\\/2024\\\/02\\\/ppbcdc-logo-2.png\",\"contentUrl\":\"https:\\\/\\\/pnurnigeria.org\\\/bookstore\\\/wp-content\\\/uploads\\\/2024\\\/02\\\/ppbcdc-logo-2.png\",\"width\":1510,\"height\":716,\"caption\":\"PNUR Bookstore\"},\"image\":{\"@id\":\"https:\\\/\\\/pnurnigeria.org\\\/bookstore\\\/#\\\/schema\\\/logo\\\/image\\\/\"},\"sameAs\":[\"https:\\\/\\\/web.facebook.com\\\/groups\\\/116094248561072\"]}]}<\/script>\n<!-- \/ Yoast SEO plugin. -->","yoast_head_json":{"title":"COMMENT TRANSFORMER MON \u00c9GLISE\/MINIST\u00c8RE EN UNE STATION DE PUISSANCE ? - PNUR Bookstore","robots":{"index":"index","follow":"follow","max-snippet":"max-snippet:-1","max-image-preview":"max-image-preview:large","max-video-preview":"max-video-preview:-1"},"canonical":"https:\/\/pnurnigeria.org\/bookstore\/product\/comment-transformer-mon-eglise-ministere-en-une-station-de-puissance\/","og_locale":"en_US","og_type":"article","og_title":"COMMENT TRANSFORMER MON \u00c9GLISE\/MINIST\u00c8RE EN UNE STATION DE PUISSANCE ? - PNUR Bookstore","og_description":"Voici les points sur lesquels se concentre ce livre: a. Comment g\u00e9rer un centre de d\u00e9livrance b. Qu'est-ce qu'un centre de d\u00e9livrance ? c. Exemples bibliques de centres de d\u00e9livrance d. Attributs d'un centre de d\u00e9livrance e. Le travail d'\u00e9quipe dans le minist\u00e8re de d\u00e9livrance f. Comment faire de votre centre une Station de Puissance g. Pourquoi certains centres de d\u00e9livrance \u00e9chouent h. L'implantation d'une \u00e9glise et le minist\u00e8re de d\u00e9livrance i. L'administration dans le minist\u00e8re de d\u00e9livrance j. L'argent et le minist\u00e8re de d\u00e9livrance k. La collaboration avec d'autres dons dans le centre de d\u00e9livrance l. L'\u00e9quipe d'intervention rapide (SWAT) dans le minist\u00e8re de d\u00e9livrance","og_url":"https:\/\/pnurnigeria.org\/bookstore\/product\/comment-transformer-mon-eglise-ministere-en-une-station-de-puissance\/","og_site_name":"PNUR Bookstore","article_publisher":"https:\/\/web.facebook.com\/groups\/116094248561072","article_modified_time":"2026-02-22T01:45:21+00:00","twitter_card":"summary_large_image","twitter_misc":{"Est. reading time":"2 minutes"},"schema":{"@context":"https:\/\/schema.org","@graph":[{"@type":"WebPage","@id":"https:\/\/pnurnigeria.org\/bookstore\/product\/comment-transformer-mon-eglise-ministere-en-une-station-de-puissance\/","url":"https:\/\/pnurnigeria.org\/bookstore\/product\/comment-transformer-mon-eglise-ministere-en-une-station-de-puissance\/","name":"COMMENT TRANSFORMER MON \u00c9GLISE\/MINIST\u00c8RE EN UNE STATION DE PUISSANCE ? - PNUR Bookstore","isPartOf":{"@id":"https:\/\/pnurnigeria.org\/bookstore\/#website"},"datePublished":"2024-12-05T20:11:31+00:00","dateModified":"2026-02-22T01:45:21+00:00","breadcrumb":{"@id":"https:\/\/pnurnigeria.org\/bookstore\/product\/comment-transformer-mon-eglise-ministere-en-une-station-de-puissance\/#breadcrumb"},"inLanguage":"en-US","potentialAction":[{"@type":"ReadAction","target":["https:\/\/pnurnigeria.org\/bookstore\/product\/comment-transformer-mon-eglise-ministere-en-une-station-de-puissance\/"]}]},{"@type":"BreadcrumbList","@id":"https:\/\/pnurnigeria.org\/bookstore\/product\/comment-transformer-mon-eglise-ministere-en-une-station-de-puissance\/#breadcrumb","itemListElement":[{"@type":"ListItem","position":1,"name":"Home","item":"https:\/\/pnurnigeria.org\/bookstore\/"},{"@type":"ListItem","position":2,"name":"Products","item":"https:\/\/pnurnigeria.org\/bookstore\/shop\/"},{"@type":"ListItem","position":3,"name":"COMMENT TRANSFORMER MON \u00c9GLISE\/MINIST\u00c8RE EN UNE STATION DE PUISSANCE ?"}]},{"@type":"WebSite","@id":"https:\/\/pnurnigeria.org\/bookstore\/#website","url":"https:\/\/pnurnigeria.org\/bookstore\/","name":"PNUR Bookstore","description":"PNUR Bookstore","publisher":{"@id":"https:\/\/pnurnigeria.org\/bookstore\/#organization"},"potentialAction":[{"@type":"SearchAction","target":{"@type":"EntryPoint","urlTemplate":"https:\/\/pnurnigeria.org\/bookstore\/?s={search_term_string}"},"query-input":{"@type":"PropertyValueSpecification","valueRequired":true,"valueName":"search_term_string"}}],"inLanguage":"en-US"},{"@type":"Organization","@id":"https:\/\/pnurnigeria.org\/bookstore\/#organization","name":"PNUR Bookstore","url":"https:\/\/pnurnigeria.org\/bookstore\/","logo":{"@type":"ImageObject","inLanguage":"en-US","@id":"https:\/\/pnurnigeria.org\/bookstore\/#\/schema\/logo\/image\/","url":"https:\/\/pnurnigeria.org\/bookstore\/wp-content\/uploads\/2024\/02\/ppbcdc-logo-2.png","contentUrl":"https:\/\/pnurnigeria.org\/bookstore\/wp-content\/uploads\/2024\/02\/ppbcdc-logo-2.png","width":1510,"height":716,"caption":"PNUR Bookstore"},"image":{"@id":"https:\/\/pnurnigeria.org\/bookstore\/#\/schema\/logo\/image\/"},"sameAs":["https:\/\/web.facebook.com\/groups\/116094248561072"]}]}},"_links":{"self":[{"href":"https:\/\/pnurnigeria.org\/bookstore\/wp-json\/wp\/v2\/product\/2553","targetHints":{"allow":["GET"]}}],"collection":[{"href":"https:\/\/pnurnigeria.org\/bookstore\/wp-json\/wp\/v2\/product"}],"about":[{"href":"https:\/\/pnurnigeria.org\/bookstore\/wp-json\/wp\/v2\/types\/product"}],"replies":[{"embeddable":true,"href":"https:\/\/pnurnigeria.org\/bookstore\/wp-json\/wp\/v2\/comments?post=2553"}],"wp:attachment":[{"href":"https:\/\/pnurnigeria.org\/bookstore\/wp-json\/wp\/v2\/media?parent=2553"}],"wp:term":[{"taxonomy":"product_brand","embeddable":true,"href":"https:\/\/pnurnigeria.org\/bookstore\/wp-json\/wp\/v2\/product_brand?post=2553"},{"taxonomy":"product_cat","embeddable":true,"href":"https:\/\/pnurnigeria.org\/bookstore\/wp-json\/wp\/v2\/product_cat?post=2553"},{"taxonomy":"product_tag","embeddable":true,"href":"https:\/\/pnurnigeria.org\/bookstore\/wp-json\/wp\/v2\/product_tag?post=2553"}],"curies":[{"name":"wp","href":"https:\/\/api.w.org\/{rel}","templated":true}]}}