{"id":2551,"date":"2024-12-05T19:38:08","date_gmt":"2024-12-05T19:38:08","guid":{"rendered":"https:\/\/pnurnigeria.org\/bookstore\/?post_type=product&#038;p=2551"},"modified":"2026-02-22T01:46:38","modified_gmt":"2026-02-22T01:46:38","slug":"recuperation-des-destins-vandalises","status":"publish","type":"product","link":"https:\/\/pnurnigeria.org\/bookstore\/product\/recuperation-des-destins-vandalises\/","title":{"rendered":"R\u00c9CUP\u00c9RATION  DES DESTINS  VANDALIS\u00c9S"},"content":{"rendered":"<p>INTRODUCTION<br \/>\nCe livre s&#8217;appelle \u00e0 juste titre une m\u00e9ditation et ce que vous allez lire est le message du Seigneur \u00e0 mon c\u0153ur. Je crois que ce message sera utile \u00e0 tous ceux qui ont soif de v\u00e9rit\u00e9.<\/p>\n<p>Le sujet est le combat spirituel quotidien qui concerne chaque \u00eatre humain. C&#8217;est \u00e0 nos risques et p\u00e9rils que nous ignorons le combat spirituel. Le diable et ses agents n&#8217;ont pas l&#8217;intention de vous attaquer. Ils lancent d\u00e9j\u00e0 fl\u00e8ches sur fl\u00e8ches.<\/p>\n<p>La Bible affirme \u00e0 juste titre que tous les d\u00e9fis auxquels nous serons confront\u00e9s sont les m\u00eames pour tous les hommes (1 Cor. 10:13).<\/p>\n<p>Les questions importantes sont les suivantes:<br \/>\nComment reconna\u00eetre un conflit spirituel r\u00e9el ?<br \/>\nDe quelle mani\u00e8re Satan et ses agents m\u00e8nent-ils des guerres contre moi ?<br \/>\nPourquoi ces batailles viennent-elles \u00e0 moi ?<br \/>\nQuelle est l&#8217;origine de ces batailles ?<br \/>\nQuelles sont les implications de ces complications spirituelles dans notre vie ?<br \/>\nComment puis-je combattre ces batailles et gagner ?<br \/>\nQuelles erreurs pourrais-je commettre et subir la d\u00e9faite ?<br \/>\nPourquoi Dieu a-t-il permis ces batailles dans ma vie ?<br \/>\nDe quelle mani\u00e8re puis-je me pr\u00e9parer afin de ne pas subir la d\u00e9faite ?<br \/>\nQuelles sont les armes disponibles que Dieu a mises \u00e0 ma disposition ?<\/p>\n<p>Vous ne trouverez pas les r\u00e9ponses \u00e0 ces questions dans un ordre chronologique, mais si vous vous connectez \u00e0 la pr\u00e9sence de l&#8217;onction du Saint-Esprit dans ce livre, vous rencontrerez ces r\u00e9ponses et bien d&#8217;autres.<\/p>\n<p>Je veux vous faire une promesse, au moment o\u00f9 vous arriverez au dernier chapitre, vous serez dans une dimension sup\u00e9rieure de l&#8217;esprit de pri\u00e8re qui brise tous les jougs.<\/p>\n<p>J&#8217;attends votre t\u00e9moignage.<br \/>\nEmma, votre fr\u00e8re pnurnigeria@gmail.com<\/p>\n","protected":false},"excerpt":{"rendered":"<p>Le sujet est le combat spirituel quotidien qui concerne chaque \u00eatre humain. C&#8217;est \u00e0 nos risques et p\u00e9rils que nous ignorons le combat spirituel. Le diable et ses agents n&#8217;ont pas l&#8217;intention de vous attaquer. Ils lancent d\u00e9j\u00e0 fl\u00e8ches sur fl\u00e8ches.<\/p>\n","protected":false},"featured_media":2545,"comment_status":"open","ping_status":"closed","template":"","meta":{"site-sidebar-layout":"default","site-content-layout":"","ast-site-content-layout":"default","site-content-style":"default","site-sidebar-style":"default","ast-global-header-display":"","ast-banner-title-visibility":"","ast-main-header-display":"","ast-hfb-above-header-display":"","ast-hfb-below-header-display":"","ast-hfb-mobile-header-display":"","site-post-title":"","ast-breadcrumbs-content":"","ast-featured-img":"","footer-sml-layout":"","ast-disable-related-posts":"","theme-transparent-header-meta":"default","adv-header-id-meta":"","stick-header-meta":"","header-above-stick-meta":"","header-main-stick-meta":"","header-below-stick-meta":"","astra-migrate-meta-layouts":"set","ast-page-background-enabled":"default","ast-page-background-meta":{"desktop":{"background-color":"","background-image":"","background-repeat":"repeat","background-position":"center center","background-size":"auto","background-attachment":"scroll","background-type":"","background-media":"","overlay-type":"","overlay-color":"","overlay-opacity":"","overlay-gradient":""},"tablet":{"background-color":"","background-image":"","background-repeat":"repeat","background-position":"center center","background-size":"auto","background-attachment":"scroll","background-type":"","background-media":"","overlay-type":"","overlay-color":"","overlay-opacity":"","overlay-gradient":""},"mobile":{"background-color":"","background-image":"","background-repeat":"repeat","background-position":"center center","background-size":"auto","background-attachment":"scroll","background-type":"","background-media":"","overlay-type":"","overlay-color":"","overlay-opacity":"","overlay-gradient":""}},"ast-content-background-meta":{"desktop":{"background-color":"var(--ast-global-color-5)","background-image":"","background-repeat":"repeat","background-position":"center center","background-size":"auto","background-attachment":"scroll","background-type":"","background-media":"","overlay-type":"","overlay-color":"","overlay-opacity":"","overlay-gradient":""},"tablet":{"background-color":"var(--ast-global-color-5)","background-image":"","background-repeat":"repeat","background-position":"center center","background-size":"auto","background-attachment":"scroll","background-type":"","background-media":"","overlay-type":"","overlay-color":"","overlay-opacity":"","overlay-gradient":""},"mobile":{"background-color":"var(--ast-global-color-5)","background-image":"","background-repeat":"repeat","background-position":"center center","background-size":"auto","background-attachment":"scroll","background-type":"","background-media":"","overlay-type":"","overlay-color":"","overlay-opacity":"","overlay-gradient":""}}},"product_brand":[],"product_cat":[25,76,26],"product_tag":[],"class_list":{"0":"post-2551","1":"product","2":"type-product","3":"status-publish","4":"has-post-thumbnail","6":"product_cat-deliverance","7":"product_cat-french","8":"product_cat-prayers","9":"desktop-align-left","10":"tablet-align-left","11":"mobile-align-left","13":"first","14":"instock","15":"downloadable","16":"shipping-taxable","17":"purchasable","18":"product-type-simple"},"yoast_head":"<!-- This site is optimized with the Yoast SEO plugin v27.4 - https:\/\/yoast.com\/product\/yoast-seo-wordpress\/ -->\n<title>R\u00c9CUP\u00c9RATION DES DESTINS VANDALIS\u00c9S - PNUR Bookstore<\/title>\n<meta name=\"description\" content=\"Le sujet est le combat spirituel quotidien qui concerne chaque \u00eatre humain. C&#039;est \u00e0 nos risques et p\u00e9rils que nous ignorons le combat spirituel. Le diable et ses agents n&#039;ont pas l&#039;intention de vous attaquer. Ils lancent d\u00e9j\u00e0 fl\u00e8ches sur fl\u00e8ches.\" \/>\n<meta name=\"robots\" content=\"index, follow, max-snippet:-1, max-image-preview:large, max-video-preview:-1\" \/>\n<link rel=\"canonical\" href=\"https:\/\/pnurnigeria.org\/bookstore\/product\/recuperation-des-destins-vandalises\/\" \/>\n<meta property=\"og:locale\" content=\"en_US\" \/>\n<meta property=\"og:type\" content=\"article\" \/>\n<meta property=\"og:title\" content=\"R\u00c9CUP\u00c9RATION DES DESTINS VANDALIS\u00c9S - PNUR Bookstore\" \/>\n<meta property=\"og:description\" content=\"Le sujet est le combat spirituel quotidien qui concerne chaque \u00eatre humain. C&#039;est \u00e0 nos risques et p\u00e9rils que nous ignorons le combat spirituel. Le diable et ses agents n&#039;ont pas l&#039;intention de vous attaquer. Ils lancent d\u00e9j\u00e0 fl\u00e8ches sur fl\u00e8ches.\" \/>\n<meta property=\"og:url\" content=\"https:\/\/pnurnigeria.org\/bookstore\/product\/recuperation-des-destins-vandalises\/\" \/>\n<meta property=\"og:site_name\" content=\"PNUR Bookstore\" \/>\n<meta property=\"article:publisher\" content=\"https:\/\/web.facebook.com\/groups\/116094248561072\" \/>\n<meta property=\"article:modified_time\" content=\"2026-02-22T01:46:38+00:00\" \/>\n<meta property=\"og:image\" content=\"https:\/\/pnurnigeria.org\/bookstore\/wp-content\/uploads\/2024\/12\/RVD-BOOK-french-1-722x1024.jpg\" \/>\n\t<meta property=\"og:image:width\" content=\"722\" \/>\n\t<meta property=\"og:image:height\" content=\"1024\" \/>\n\t<meta property=\"og:image:type\" content=\"image\/jpeg\" \/>\n<meta name=\"twitter:card\" content=\"summary_large_image\" \/>\n<meta name=\"twitter:label1\" content=\"Est. reading time\" \/>\n\t<meta name=\"twitter:data1\" content=\"2 minutes\" \/>\n<script type=\"application\/ld+json\" class=\"yoast-schema-graph\">{\"@context\":\"https:\\\/\\\/schema.org\",\"@graph\":[{\"@type\":\"WebPage\",\"@id\":\"https:\\\/\\\/pnurnigeria.org\\\/bookstore\\\/product\\\/recuperation-des-destins-vandalises\\\/\",\"url\":\"https:\\\/\\\/pnurnigeria.org\\\/bookstore\\\/product\\\/recuperation-des-destins-vandalises\\\/\",\"name\":\"R\u00c9CUP\u00c9RATION DES DESTINS VANDALIS\u00c9S - PNUR Bookstore\",\"isPartOf\":{\"@id\":\"https:\\\/\\\/pnurnigeria.org\\\/bookstore\\\/#website\"},\"primaryImageOfPage\":{\"@id\":\"https:\\\/\\\/pnurnigeria.org\\\/bookstore\\\/product\\\/recuperation-des-destins-vandalises\\\/#primaryimage\"},\"image\":{\"@id\":\"https:\\\/\\\/pnurnigeria.org\\\/bookstore\\\/product\\\/recuperation-des-destins-vandalises\\\/#primaryimage\"},\"thumbnailUrl\":\"https:\\\/\\\/pnurnigeria.org\\\/bookstore\\\/wp-content\\\/uploads\\\/2024\\\/12\\\/RVD-BOOK-french-1.jpg\",\"datePublished\":\"2024-12-05T19:38:08+00:00\",\"dateModified\":\"2026-02-22T01:46:38+00:00\",\"description\":\"Le sujet est le combat spirituel quotidien qui concerne chaque \u00eatre humain. C'est \u00e0 nos risques et p\u00e9rils que nous ignorons le combat spirituel. Le diable et ses agents n'ont pas l'intention de vous attaquer. Ils lancent d\u00e9j\u00e0 fl\u00e8ches sur fl\u00e8ches.\",\"breadcrumb\":{\"@id\":\"https:\\\/\\\/pnurnigeria.org\\\/bookstore\\\/product\\\/recuperation-des-destins-vandalises\\\/#breadcrumb\"},\"inLanguage\":\"en-US\",\"potentialAction\":[{\"@type\":\"ReadAction\",\"target\":[\"https:\\\/\\\/pnurnigeria.org\\\/bookstore\\\/product\\\/recuperation-des-destins-vandalises\\\/\"]}]},{\"@type\":\"ImageObject\",\"inLanguage\":\"en-US\",\"@id\":\"https:\\\/\\\/pnurnigeria.org\\\/bookstore\\\/product\\\/recuperation-des-destins-vandalises\\\/#primaryimage\",\"url\":\"https:\\\/\\\/pnurnigeria.org\\\/bookstore\\\/wp-content\\\/uploads\\\/2024\\\/12\\\/RVD-BOOK-french-1.jpg\",\"contentUrl\":\"https:\\\/\\\/pnurnigeria.org\\\/bookstore\\\/wp-content\\\/uploads\\\/2024\\\/12\\\/RVD-BOOK-french-1.jpg\",\"width\":1752,\"height\":2484},{\"@type\":\"BreadcrumbList\",\"@id\":\"https:\\\/\\\/pnurnigeria.org\\\/bookstore\\\/product\\\/recuperation-des-destins-vandalises\\\/#breadcrumb\",\"itemListElement\":[{\"@type\":\"ListItem\",\"position\":1,\"name\":\"Home\",\"item\":\"https:\\\/\\\/pnurnigeria.org\\\/bookstore\\\/\"},{\"@type\":\"ListItem\",\"position\":2,\"name\":\"Products\",\"item\":\"https:\\\/\\\/pnurnigeria.org\\\/bookstore\\\/shop\\\/\"},{\"@type\":\"ListItem\",\"position\":3,\"name\":\"R\u00c9CUP\u00c9RATION DES DESTINS VANDALIS\u00c9S\"}]},{\"@type\":\"WebSite\",\"@id\":\"https:\\\/\\\/pnurnigeria.org\\\/bookstore\\\/#website\",\"url\":\"https:\\\/\\\/pnurnigeria.org\\\/bookstore\\\/\",\"name\":\"PNUR Bookstore\",\"description\":\"PNUR Bookstore\",\"publisher\":{\"@id\":\"https:\\\/\\\/pnurnigeria.org\\\/bookstore\\\/#organization\"},\"potentialAction\":[{\"@type\":\"SearchAction\",\"target\":{\"@type\":\"EntryPoint\",\"urlTemplate\":\"https:\\\/\\\/pnurnigeria.org\\\/bookstore\\\/?s={search_term_string}\"},\"query-input\":{\"@type\":\"PropertyValueSpecification\",\"valueRequired\":true,\"valueName\":\"search_term_string\"}}],\"inLanguage\":\"en-US\"},{\"@type\":\"Organization\",\"@id\":\"https:\\\/\\\/pnurnigeria.org\\\/bookstore\\\/#organization\",\"name\":\"PNUR Bookstore\",\"url\":\"https:\\\/\\\/pnurnigeria.org\\\/bookstore\\\/\",\"logo\":{\"@type\":\"ImageObject\",\"inLanguage\":\"en-US\",\"@id\":\"https:\\\/\\\/pnurnigeria.org\\\/bookstore\\\/#\\\/schema\\\/logo\\\/image\\\/\",\"url\":\"https:\\\/\\\/pnurnigeria.org\\\/bookstore\\\/wp-content\\\/uploads\\\/2024\\\/02\\\/ppbcdc-logo-2.png\",\"contentUrl\":\"https:\\\/\\\/pnurnigeria.org\\\/bookstore\\\/wp-content\\\/uploads\\\/2024\\\/02\\\/ppbcdc-logo-2.png\",\"width\":1510,\"height\":716,\"caption\":\"PNUR Bookstore\"},\"image\":{\"@id\":\"https:\\\/\\\/pnurnigeria.org\\\/bookstore\\\/#\\\/schema\\\/logo\\\/image\\\/\"},\"sameAs\":[\"https:\\\/\\\/web.facebook.com\\\/groups\\\/116094248561072\"]}]}<\/script>\n<!-- \/ Yoast SEO plugin. -->","yoast_head_json":{"title":"R\u00c9CUP\u00c9RATION DES DESTINS VANDALIS\u00c9S - PNUR Bookstore","description":"Le sujet est le combat spirituel quotidien qui concerne chaque \u00eatre humain. C'est \u00e0 nos risques et p\u00e9rils que nous ignorons le combat spirituel. Le diable et ses agents n'ont pas l'intention de vous attaquer. Ils lancent d\u00e9j\u00e0 fl\u00e8ches sur fl\u00e8ches.","robots":{"index":"index","follow":"follow","max-snippet":"max-snippet:-1","max-image-preview":"max-image-preview:large","max-video-preview":"max-video-preview:-1"},"canonical":"https:\/\/pnurnigeria.org\/bookstore\/product\/recuperation-des-destins-vandalises\/","og_locale":"en_US","og_type":"article","og_title":"R\u00c9CUP\u00c9RATION DES DESTINS VANDALIS\u00c9S - PNUR Bookstore","og_description":"Le sujet est le combat spirituel quotidien qui concerne chaque \u00eatre humain. C'est \u00e0 nos risques et p\u00e9rils que nous ignorons le combat spirituel. Le diable et ses agents n'ont pas l'intention de vous attaquer. Ils lancent d\u00e9j\u00e0 fl\u00e8ches sur fl\u00e8ches.","og_url":"https:\/\/pnurnigeria.org\/bookstore\/product\/recuperation-des-destins-vandalises\/","og_site_name":"PNUR Bookstore","article_publisher":"https:\/\/web.facebook.com\/groups\/116094248561072","article_modified_time":"2026-02-22T01:46:38+00:00","og_image":[{"width":722,"height":1024,"url":"https:\/\/pnurnigeria.org\/bookstore\/wp-content\/uploads\/2024\/12\/RVD-BOOK-french-1-722x1024.jpg","type":"image\/jpeg"}],"twitter_card":"summary_large_image","twitter_misc":{"Est. reading time":"2 minutes"},"schema":{"@context":"https:\/\/schema.org","@graph":[{"@type":"WebPage","@id":"https:\/\/pnurnigeria.org\/bookstore\/product\/recuperation-des-destins-vandalises\/","url":"https:\/\/pnurnigeria.org\/bookstore\/product\/recuperation-des-destins-vandalises\/","name":"R\u00c9CUP\u00c9RATION DES DESTINS VANDALIS\u00c9S - PNUR Bookstore","isPartOf":{"@id":"https:\/\/pnurnigeria.org\/bookstore\/#website"},"primaryImageOfPage":{"@id":"https:\/\/pnurnigeria.org\/bookstore\/product\/recuperation-des-destins-vandalises\/#primaryimage"},"image":{"@id":"https:\/\/pnurnigeria.org\/bookstore\/product\/recuperation-des-destins-vandalises\/#primaryimage"},"thumbnailUrl":"https:\/\/pnurnigeria.org\/bookstore\/wp-content\/uploads\/2024\/12\/RVD-BOOK-french-1.jpg","datePublished":"2024-12-05T19:38:08+00:00","dateModified":"2026-02-22T01:46:38+00:00","description":"Le sujet est le combat spirituel quotidien qui concerne chaque \u00eatre humain. C'est \u00e0 nos risques et p\u00e9rils que nous ignorons le combat spirituel. Le diable et ses agents n'ont pas l'intention de vous attaquer. Ils lancent d\u00e9j\u00e0 fl\u00e8ches sur fl\u00e8ches.","breadcrumb":{"@id":"https:\/\/pnurnigeria.org\/bookstore\/product\/recuperation-des-destins-vandalises\/#breadcrumb"},"inLanguage":"en-US","potentialAction":[{"@type":"ReadAction","target":["https:\/\/pnurnigeria.org\/bookstore\/product\/recuperation-des-destins-vandalises\/"]}]},{"@type":"ImageObject","inLanguage":"en-US","@id":"https:\/\/pnurnigeria.org\/bookstore\/product\/recuperation-des-destins-vandalises\/#primaryimage","url":"https:\/\/pnurnigeria.org\/bookstore\/wp-content\/uploads\/2024\/12\/RVD-BOOK-french-1.jpg","contentUrl":"https:\/\/pnurnigeria.org\/bookstore\/wp-content\/uploads\/2024\/12\/RVD-BOOK-french-1.jpg","width":1752,"height":2484},{"@type":"BreadcrumbList","@id":"https:\/\/pnurnigeria.org\/bookstore\/product\/recuperation-des-destins-vandalises\/#breadcrumb","itemListElement":[{"@type":"ListItem","position":1,"name":"Home","item":"https:\/\/pnurnigeria.org\/bookstore\/"},{"@type":"ListItem","position":2,"name":"Products","item":"https:\/\/pnurnigeria.org\/bookstore\/shop\/"},{"@type":"ListItem","position":3,"name":"R\u00c9CUP\u00c9RATION DES DESTINS VANDALIS\u00c9S"}]},{"@type":"WebSite","@id":"https:\/\/pnurnigeria.org\/bookstore\/#website","url":"https:\/\/pnurnigeria.org\/bookstore\/","name":"PNUR Bookstore","description":"PNUR Bookstore","publisher":{"@id":"https:\/\/pnurnigeria.org\/bookstore\/#organization"},"potentialAction":[{"@type":"SearchAction","target":{"@type":"EntryPoint","urlTemplate":"https:\/\/pnurnigeria.org\/bookstore\/?s={search_term_string}"},"query-input":{"@type":"PropertyValueSpecification","valueRequired":true,"valueName":"search_term_string"}}],"inLanguage":"en-US"},{"@type":"Organization","@id":"https:\/\/pnurnigeria.org\/bookstore\/#organization","name":"PNUR Bookstore","url":"https:\/\/pnurnigeria.org\/bookstore\/","logo":{"@type":"ImageObject","inLanguage":"en-US","@id":"https:\/\/pnurnigeria.org\/bookstore\/#\/schema\/logo\/image\/","url":"https:\/\/pnurnigeria.org\/bookstore\/wp-content\/uploads\/2024\/02\/ppbcdc-logo-2.png","contentUrl":"https:\/\/pnurnigeria.org\/bookstore\/wp-content\/uploads\/2024\/02\/ppbcdc-logo-2.png","width":1510,"height":716,"caption":"PNUR Bookstore"},"image":{"@id":"https:\/\/pnurnigeria.org\/bookstore\/#\/schema\/logo\/image\/"},"sameAs":["https:\/\/web.facebook.com\/groups\/116094248561072"]}]}},"_links":{"self":[{"href":"https:\/\/pnurnigeria.org\/bookstore\/wp-json\/wp\/v2\/product\/2551","targetHints":{"allow":["GET"]}}],"collection":[{"href":"https:\/\/pnurnigeria.org\/bookstore\/wp-json\/wp\/v2\/product"}],"about":[{"href":"https:\/\/pnurnigeria.org\/bookstore\/wp-json\/wp\/v2\/types\/product"}],"replies":[{"embeddable":true,"href":"https:\/\/pnurnigeria.org\/bookstore\/wp-json\/wp\/v2\/comments?post=2551"}],"wp:featuredmedia":[{"embeddable":true,"href":"https:\/\/pnurnigeria.org\/bookstore\/wp-json\/wp\/v2\/media\/2545"}],"wp:attachment":[{"href":"https:\/\/pnurnigeria.org\/bookstore\/wp-json\/wp\/v2\/media?parent=2551"}],"wp:term":[{"taxonomy":"product_brand","embeddable":true,"href":"https:\/\/pnurnigeria.org\/bookstore\/wp-json\/wp\/v2\/product_brand?post=2551"},{"taxonomy":"product_cat","embeddable":true,"href":"https:\/\/pnurnigeria.org\/bookstore\/wp-json\/wp\/v2\/product_cat?post=2551"},{"taxonomy":"product_tag","embeddable":true,"href":"https:\/\/pnurnigeria.org\/bookstore\/wp-json\/wp\/v2\/product_tag?post=2551"}],"curies":[{"name":"wp","href":"https:\/\/api.w.org\/{rel}","templated":true}]}}