{"id":2532,"date":"2024-11-28T09:02:31","date_gmt":"2024-11-28T09:02:31","guid":{"rendered":"https:\/\/pnurnigeria.org\/bookstore\/?post_type=product&#038;p=2532"},"modified":"2026-02-22T01:48:34","modified_gmt":"2026-02-22T01:48:34","slug":"quete-de-puissance-surnaturelle","status":"publish","type":"product","link":"https:\/\/pnurnigeria.org\/bookstore\/product\/quete-de-puissance-surnaturelle\/","title":{"rendered":"QU\u00caTE DE PUISSANCE SURNATURELLE"},"content":{"rendered":"<p><strong>INTRODUCTION<\/strong><\/p>\n<p>Ce livre est l&#8217;un de ceux dont on peut dire qu&#8217;il est n\u00e9 soudainement ; il a commenc\u00e9 par un t\u00e9moignage sur un programme, puis j&#8217;ai essay\u00e9 d&#8217;expliquer certaines choses, mais certaines personnes ont r\u00e9agi en posant des questions, puis j&#8217;ai essay\u00e9 d&#8217;y r\u00e9pondre et un livre est n\u00e9.<\/p>\n<p>Il peut \u00e9galement \u00eatre consid\u00e9r\u00e9 comme une autobiographie de mon minist\u00e8re. Beaucoup m&#8217;ont demand\u00e9 d&#8217;\u00e9crire quelque chose \u00e0 ce sujet, mais je pense qu&#8217;il est trop t\u00f4t. J&#8217;aurai cinquante ans dans quelques mois, comment pourrais-je conclure mon histoire si t\u00f4t ? Pourtant, on peut lire dans ces pages beaucoup de choses sur mon d\u00e9collage dans le minist\u00e8re.<\/p>\n<p>Ceux qui ont relu le manuscrit se sont plaints de la mention de certains noms ; c&#8217;est la nature m\u00eame du livre ; dans certains cas, je veux que mes lecteurs sachent que je n&#8217;ai pas invent\u00e9 les histoires, dans d&#8217;autres cas, l&#8217;histoire n&#8217;aura pas de sens si les noms sont supprim\u00e9s. Cependant, j&#8217;ai essay\u00e9 d&#8217;\u00eatre respectueux en mentionnant les noms.<\/p>\n<p>Il est important que mon lecteur comprenne le motif de ce livre; je veux que vous entendiez l&#8217;appel du Saint-Esprit et que vous y r\u00e9pondiez maintenant. Le Saint-Esprit est pr\u00eat \u00e0 faire de nouvelles choses dans le monde d&#8217;aujourd&#8217;hui, mais il aura besoin d&#8217;instruments humains, et je souhaite que mon lecteur s&#8217;offre lui-m\u00eame pour cette raison.<\/p>\n<p>Ce livre s&#8217;adresse tout particuli\u00e8rement aux croyants du Seigneur J\u00e9sus-Christ, mais si vous tombez dessus par hasard et que vous n&#8217;avez pas encore donn\u00e9 votre vie au Christ, vous pouvez le faire d\u00e8s maintenant. Demandez tranquillement au Seigneur J\u00e9sus-Christ de venir dans votre vie, et je peux vous assurer qu&#8217;il le fera imm\u00e9diatement.<\/p>\n<p>J&#8217;avais l&#8217;intention de faire de ce livre une petite brochure, mais je ne sais pas si j&#8217;y suis parvenu. Quoi qu&#8217;il en soit, je crois que le Saint-Esprit m&#8217;a permis d&#8217;aller aussi loin. J&#8217;ai pri\u00e9 pour tous mes lecteurs afin que vous saisissiez le FEU.<\/p>\n<p>Emma ton fr\u00e8re @PNUR.<\/p>\n","protected":false},"excerpt":{"rendered":"<p>INTRODUCTION Ce livre est l&#8217;un de ceux dont on peut dire qu&#8217;il est n\u00e9 soudainement ; il a commenc\u00e9 par un t\u00e9moignage sur un programme, puis j&#8217;ai essay\u00e9 d&#8217;expliquer certaines choses, mais certaines personnes ont r\u00e9agi en posant des questions, puis j&#8217;ai essay\u00e9 d&#8217;y r\u00e9pondre et un livre est n\u00e9. Il peut \u00e9galement \u00eatre consid\u00e9r\u00e9 [&hellip;]<\/p>\n","protected":false},"featured_media":2541,"comment_status":"open","ping_status":"closed","template":"","meta":{"site-sidebar-layout":"default","site-content-layout":"","ast-site-content-layout":"default","site-content-style":"default","site-sidebar-style":"default","ast-global-header-display":"","ast-banner-title-visibility":"","ast-main-header-display":"","ast-hfb-above-header-display":"","ast-hfb-below-header-display":"","ast-hfb-mobile-header-display":"","site-post-title":"","ast-breadcrumbs-content":"","ast-featured-img":"","footer-sml-layout":"","ast-disable-related-posts":"","theme-transparent-header-meta":"default","adv-header-id-meta":"","stick-header-meta":"","header-above-stick-meta":"","header-main-stick-meta":"","header-below-stick-meta":"","astra-migrate-meta-layouts":"set","ast-page-background-enabled":"default","ast-page-background-meta":{"desktop":{"background-color":"","background-image":"","background-repeat":"repeat","background-position":"center center","background-size":"auto","background-attachment":"scroll","background-type":"","background-media":"","overlay-type":"","overlay-color":"","overlay-opacity":"","overlay-gradient":""},"tablet":{"background-color":"","background-image":"","background-repeat":"repeat","background-position":"center center","background-size":"auto","background-attachment":"scroll","background-type":"","background-media":"","overlay-type":"","overlay-color":"","overlay-opacity":"","overlay-gradient":""},"mobile":{"background-color":"","background-image":"","background-repeat":"repeat","background-position":"center center","background-size":"auto","background-attachment":"scroll","background-type":"","background-media":"","overlay-type":"","overlay-color":"","overlay-opacity":"","overlay-gradient":""}},"ast-content-background-meta":{"desktop":{"background-color":"var(--ast-global-color-5)","background-image":"","background-repeat":"repeat","background-position":"center center","background-size":"auto","background-attachment":"scroll","background-type":"","background-media":"","overlay-type":"","overlay-color":"","overlay-opacity":"","overlay-gradient":""},"tablet":{"background-color":"var(--ast-global-color-5)","background-image":"","background-repeat":"repeat","background-position":"center center","background-size":"auto","background-attachment":"scroll","background-type":"","background-media":"","overlay-type":"","overlay-color":"","overlay-opacity":"","overlay-gradient":""},"mobile":{"background-color":"var(--ast-global-color-5)","background-image":"","background-repeat":"repeat","background-position":"center center","background-size":"auto","background-attachment":"scroll","background-type":"","background-media":"","overlay-type":"","overlay-color":"","overlay-opacity":"","overlay-gradient":""}}},"product_brand":[],"product_cat":[76,27],"product_tag":[],"class_list":{"0":"post-2532","1":"product","2":"type-product","3":"status-publish","4":"has-post-thumbnail","6":"product_cat-french","7":"product_cat-revival","8":"desktop-align-left","9":"tablet-align-left","10":"mobile-align-left","12":"first","13":"instock","14":"downloadable","15":"shipping-taxable","16":"purchasable","17":"product-type-simple"},"yoast_head":"<!-- This site is optimized with the Yoast SEO plugin v27.6 - https:\/\/yoast.com\/product\/yoast-seo-wordpress\/ -->\n<title>QU\u00caTE DE PUISSANCE SURNATURELLE - PNUR Bookstore<\/title>\n<meta name=\"description\" content=\"Ce livre est l&#039;un de ceux dont on peut dire qu&#039;il est n\u00e9 soudainement ; il a commenc\u00e9 par un t\u00e9moignage sur un programme, puis j&#039;ai essay\u00e9 d&#039;expliquer certaines choses, mais certaines personnes ont r\u00e9agi en posant des questions, puis j&#039;ai essay\u00e9 d&#039;y r\u00e9pondre et un livre est n\u00e9.\" \/>\n<meta name=\"robots\" content=\"index, follow, max-snippet:-1, max-image-preview:large, max-video-preview:-1\" \/>\n<link rel=\"canonical\" href=\"https:\/\/pnurnigeria.org\/bookstore\/product\/quete-de-puissance-surnaturelle\/\" \/>\n<meta property=\"og:locale\" content=\"en_US\" \/>\n<meta property=\"og:type\" content=\"article\" \/>\n<meta property=\"og:title\" content=\"QU\u00caTE DE PUISSANCE SURNATURELLE - PNUR Bookstore\" \/>\n<meta property=\"og:description\" content=\"Ce livre est l&#039;un de ceux dont on peut dire qu&#039;il est n\u00e9 soudainement ; il a commenc\u00e9 par un t\u00e9moignage sur un programme, puis j&#039;ai essay\u00e9 d&#039;expliquer certaines choses, mais certaines personnes ont r\u00e9agi en posant des questions, puis j&#039;ai essay\u00e9 d&#039;y r\u00e9pondre et un livre est n\u00e9.\" \/>\n<meta property=\"og:url\" content=\"https:\/\/pnurnigeria.org\/bookstore\/product\/quete-de-puissance-surnaturelle\/\" \/>\n<meta property=\"og:site_name\" content=\"PNUR Bookstore\" \/>\n<meta property=\"article:publisher\" content=\"https:\/\/web.facebook.com\/groups\/116094248561072\" \/>\n<meta property=\"article:modified_time\" content=\"2026-02-22T01:48:34+00:00\" \/>\n<meta property=\"og:image\" content=\"https:\/\/pnurnigeria.org\/bookstore\/wp-content\/uploads\/2024\/12\/Quest-French.jpg\" \/>\n\t<meta property=\"og:image:width\" content=\"1750\" \/>\n\t<meta property=\"og:image:height\" content=\"2480\" \/>\n\t<meta property=\"og:image:type\" content=\"image\/jpeg\" \/>\n<meta name=\"twitter:card\" content=\"summary_large_image\" \/>\n<meta name=\"twitter:label1\" content=\"Est. reading time\" \/>\n\t<meta name=\"twitter:data1\" content=\"2 minutes\" \/>\n<script type=\"application\/ld+json\" class=\"yoast-schema-graph\">{\"@context\":\"https:\\\/\\\/schema.org\",\"@graph\":[{\"@type\":\"WebPage\",\"@id\":\"https:\\\/\\\/pnurnigeria.org\\\/bookstore\\\/product\\\/quete-de-puissance-surnaturelle\\\/\",\"url\":\"https:\\\/\\\/pnurnigeria.org\\\/bookstore\\\/product\\\/quete-de-puissance-surnaturelle\\\/\",\"name\":\"QU\u00caTE DE PUISSANCE SURNATURELLE - PNUR Bookstore\",\"isPartOf\":{\"@id\":\"https:\\\/\\\/pnurnigeria.org\\\/bookstore\\\/#website\"},\"primaryImageOfPage\":{\"@id\":\"https:\\\/\\\/pnurnigeria.org\\\/bookstore\\\/product\\\/quete-de-puissance-surnaturelle\\\/#primaryimage\"},\"image\":{\"@id\":\"https:\\\/\\\/pnurnigeria.org\\\/bookstore\\\/product\\\/quete-de-puissance-surnaturelle\\\/#primaryimage\"},\"thumbnailUrl\":\"https:\\\/\\\/pnurnigeria.org\\\/bookstore\\\/wp-content\\\/uploads\\\/2024\\\/12\\\/Quest-French.jpg\",\"datePublished\":\"2024-11-28T09:02:31+00:00\",\"dateModified\":\"2026-02-22T01:48:34+00:00\",\"description\":\"Ce livre est l'un de ceux dont on peut dire qu'il est n\u00e9 soudainement ; il a commenc\u00e9 par un t\u00e9moignage sur un programme, puis j'ai essay\u00e9 d'expliquer certaines choses, mais certaines personnes ont r\u00e9agi en posant des questions, puis j'ai essay\u00e9 d'y r\u00e9pondre et un livre est n\u00e9.\",\"breadcrumb\":{\"@id\":\"https:\\\/\\\/pnurnigeria.org\\\/bookstore\\\/product\\\/quete-de-puissance-surnaturelle\\\/#breadcrumb\"},\"inLanguage\":\"en-US\",\"potentialAction\":[{\"@type\":\"ReadAction\",\"target\":[\"https:\\\/\\\/pnurnigeria.org\\\/bookstore\\\/product\\\/quete-de-puissance-surnaturelle\\\/\"]}]},{\"@type\":\"ImageObject\",\"inLanguage\":\"en-US\",\"@id\":\"https:\\\/\\\/pnurnigeria.org\\\/bookstore\\\/product\\\/quete-de-puissance-surnaturelle\\\/#primaryimage\",\"url\":\"https:\\\/\\\/pnurnigeria.org\\\/bookstore\\\/wp-content\\\/uploads\\\/2024\\\/12\\\/Quest-French.jpg\",\"contentUrl\":\"https:\\\/\\\/pnurnigeria.org\\\/bookstore\\\/wp-content\\\/uploads\\\/2024\\\/12\\\/Quest-French.jpg\",\"width\":1750,\"height\":2480},{\"@type\":\"BreadcrumbList\",\"@id\":\"https:\\\/\\\/pnurnigeria.org\\\/bookstore\\\/product\\\/quete-de-puissance-surnaturelle\\\/#breadcrumb\",\"itemListElement\":[{\"@type\":\"ListItem\",\"position\":1,\"name\":\"Home\",\"item\":\"https:\\\/\\\/pnurnigeria.org\\\/bookstore\\\/\"},{\"@type\":\"ListItem\",\"position\":2,\"name\":\"Products\",\"item\":\"https:\\\/\\\/pnurnigeria.org\\\/bookstore\\\/shop\\\/\"},{\"@type\":\"ListItem\",\"position\":3,\"name\":\"QU\u00caTE DE PUISSANCE SURNATURELLE\"}]},{\"@type\":\"WebSite\",\"@id\":\"https:\\\/\\\/pnurnigeria.org\\\/bookstore\\\/#website\",\"url\":\"https:\\\/\\\/pnurnigeria.org\\\/bookstore\\\/\",\"name\":\"PNUR Bookstore\",\"description\":\"PNUR Bookstore\",\"publisher\":{\"@id\":\"https:\\\/\\\/pnurnigeria.org\\\/bookstore\\\/#organization\"},\"potentialAction\":[{\"@type\":\"SearchAction\",\"target\":{\"@type\":\"EntryPoint\",\"urlTemplate\":\"https:\\\/\\\/pnurnigeria.org\\\/bookstore\\\/?s={search_term_string}\"},\"query-input\":{\"@type\":\"PropertyValueSpecification\",\"valueRequired\":true,\"valueName\":\"search_term_string\"}}],\"inLanguage\":\"en-US\"},{\"@type\":\"Organization\",\"@id\":\"https:\\\/\\\/pnurnigeria.org\\\/bookstore\\\/#organization\",\"name\":\"PNUR Bookstore\",\"url\":\"https:\\\/\\\/pnurnigeria.org\\\/bookstore\\\/\",\"logo\":{\"@type\":\"ImageObject\",\"inLanguage\":\"en-US\",\"@id\":\"https:\\\/\\\/pnurnigeria.org\\\/bookstore\\\/#\\\/schema\\\/logo\\\/image\\\/\",\"url\":\"https:\\\/\\\/pnurnigeria.org\\\/bookstore\\\/wp-content\\\/uploads\\\/2024\\\/02\\\/ppbcdc-logo-2.png\",\"contentUrl\":\"https:\\\/\\\/pnurnigeria.org\\\/bookstore\\\/wp-content\\\/uploads\\\/2024\\\/02\\\/ppbcdc-logo-2.png\",\"width\":1510,\"height\":716,\"caption\":\"PNUR Bookstore\"},\"image\":{\"@id\":\"https:\\\/\\\/pnurnigeria.org\\\/bookstore\\\/#\\\/schema\\\/logo\\\/image\\\/\"},\"sameAs\":[\"https:\\\/\\\/web.facebook.com\\\/groups\\\/116094248561072\"]}]}<\/script>\n<!-- \/ Yoast SEO plugin. -->","yoast_head_json":{"title":"QU\u00caTE DE PUISSANCE SURNATURELLE - PNUR Bookstore","description":"Ce livre est l'un de ceux dont on peut dire qu'il est n\u00e9 soudainement ; il a commenc\u00e9 par un t\u00e9moignage sur un programme, puis j'ai essay\u00e9 d'expliquer certaines choses, mais certaines personnes ont r\u00e9agi en posant des questions, puis j'ai essay\u00e9 d'y r\u00e9pondre et un livre est n\u00e9.","robots":{"index":"index","follow":"follow","max-snippet":"max-snippet:-1","max-image-preview":"max-image-preview:large","max-video-preview":"max-video-preview:-1"},"canonical":"https:\/\/pnurnigeria.org\/bookstore\/product\/quete-de-puissance-surnaturelle\/","og_locale":"en_US","og_type":"article","og_title":"QU\u00caTE DE PUISSANCE SURNATURELLE - PNUR Bookstore","og_description":"Ce livre est l'un de ceux dont on peut dire qu'il est n\u00e9 soudainement ; il a commenc\u00e9 par un t\u00e9moignage sur un programme, puis j'ai essay\u00e9 d'expliquer certaines choses, mais certaines personnes ont r\u00e9agi en posant des questions, puis j'ai essay\u00e9 d'y r\u00e9pondre et un livre est n\u00e9.","og_url":"https:\/\/pnurnigeria.org\/bookstore\/product\/quete-de-puissance-surnaturelle\/","og_site_name":"PNUR Bookstore","article_publisher":"https:\/\/web.facebook.com\/groups\/116094248561072","article_modified_time":"2026-02-22T01:48:34+00:00","og_image":[{"width":1750,"height":2480,"url":"https:\/\/pnurnigeria.org\/bookstore\/wp-content\/uploads\/2024\/12\/Quest-French.jpg","type":"image\/jpeg"}],"twitter_card":"summary_large_image","twitter_misc":{"Est. reading time":"2 minutes"},"schema":{"@context":"https:\/\/schema.org","@graph":[{"@type":"WebPage","@id":"https:\/\/pnurnigeria.org\/bookstore\/product\/quete-de-puissance-surnaturelle\/","url":"https:\/\/pnurnigeria.org\/bookstore\/product\/quete-de-puissance-surnaturelle\/","name":"QU\u00caTE DE PUISSANCE SURNATURELLE - PNUR Bookstore","isPartOf":{"@id":"https:\/\/pnurnigeria.org\/bookstore\/#website"},"primaryImageOfPage":{"@id":"https:\/\/pnurnigeria.org\/bookstore\/product\/quete-de-puissance-surnaturelle\/#primaryimage"},"image":{"@id":"https:\/\/pnurnigeria.org\/bookstore\/product\/quete-de-puissance-surnaturelle\/#primaryimage"},"thumbnailUrl":"https:\/\/pnurnigeria.org\/bookstore\/wp-content\/uploads\/2024\/12\/Quest-French.jpg","datePublished":"2024-11-28T09:02:31+00:00","dateModified":"2026-02-22T01:48:34+00:00","description":"Ce livre est l'un de ceux dont on peut dire qu'il est n\u00e9 soudainement ; il a commenc\u00e9 par un t\u00e9moignage sur un programme, puis j'ai essay\u00e9 d'expliquer certaines choses, mais certaines personnes ont r\u00e9agi en posant des questions, puis j'ai essay\u00e9 d'y r\u00e9pondre et un livre est n\u00e9.","breadcrumb":{"@id":"https:\/\/pnurnigeria.org\/bookstore\/product\/quete-de-puissance-surnaturelle\/#breadcrumb"},"inLanguage":"en-US","potentialAction":[{"@type":"ReadAction","target":["https:\/\/pnurnigeria.org\/bookstore\/product\/quete-de-puissance-surnaturelle\/"]}]},{"@type":"ImageObject","inLanguage":"en-US","@id":"https:\/\/pnurnigeria.org\/bookstore\/product\/quete-de-puissance-surnaturelle\/#primaryimage","url":"https:\/\/pnurnigeria.org\/bookstore\/wp-content\/uploads\/2024\/12\/Quest-French.jpg","contentUrl":"https:\/\/pnurnigeria.org\/bookstore\/wp-content\/uploads\/2024\/12\/Quest-French.jpg","width":1750,"height":2480},{"@type":"BreadcrumbList","@id":"https:\/\/pnurnigeria.org\/bookstore\/product\/quete-de-puissance-surnaturelle\/#breadcrumb","itemListElement":[{"@type":"ListItem","position":1,"name":"Home","item":"https:\/\/pnurnigeria.org\/bookstore\/"},{"@type":"ListItem","position":2,"name":"Products","item":"https:\/\/pnurnigeria.org\/bookstore\/shop\/"},{"@type":"ListItem","position":3,"name":"QU\u00caTE DE PUISSANCE SURNATURELLE"}]},{"@type":"WebSite","@id":"https:\/\/pnurnigeria.org\/bookstore\/#website","url":"https:\/\/pnurnigeria.org\/bookstore\/","name":"PNUR Bookstore","description":"PNUR Bookstore","publisher":{"@id":"https:\/\/pnurnigeria.org\/bookstore\/#organization"},"potentialAction":[{"@type":"SearchAction","target":{"@type":"EntryPoint","urlTemplate":"https:\/\/pnurnigeria.org\/bookstore\/?s={search_term_string}"},"query-input":{"@type":"PropertyValueSpecification","valueRequired":true,"valueName":"search_term_string"}}],"inLanguage":"en-US"},{"@type":"Organization","@id":"https:\/\/pnurnigeria.org\/bookstore\/#organization","name":"PNUR Bookstore","url":"https:\/\/pnurnigeria.org\/bookstore\/","logo":{"@type":"ImageObject","inLanguage":"en-US","@id":"https:\/\/pnurnigeria.org\/bookstore\/#\/schema\/logo\/image\/","url":"https:\/\/pnurnigeria.org\/bookstore\/wp-content\/uploads\/2024\/02\/ppbcdc-logo-2.png","contentUrl":"https:\/\/pnurnigeria.org\/bookstore\/wp-content\/uploads\/2024\/02\/ppbcdc-logo-2.png","width":1510,"height":716,"caption":"PNUR Bookstore"},"image":{"@id":"https:\/\/pnurnigeria.org\/bookstore\/#\/schema\/logo\/image\/"},"sameAs":["https:\/\/web.facebook.com\/groups\/116094248561072"]}]}},"_links":{"self":[{"href":"https:\/\/pnurnigeria.org\/bookstore\/wp-json\/wp\/v2\/product\/2532","targetHints":{"allow":["GET"]}}],"collection":[{"href":"https:\/\/pnurnigeria.org\/bookstore\/wp-json\/wp\/v2\/product"}],"about":[{"href":"https:\/\/pnurnigeria.org\/bookstore\/wp-json\/wp\/v2\/types\/product"}],"replies":[{"embeddable":true,"href":"https:\/\/pnurnigeria.org\/bookstore\/wp-json\/wp\/v2\/comments?post=2532"}],"wp:featuredmedia":[{"embeddable":true,"href":"https:\/\/pnurnigeria.org\/bookstore\/wp-json\/wp\/v2\/media\/2541"}],"wp:attachment":[{"href":"https:\/\/pnurnigeria.org\/bookstore\/wp-json\/wp\/v2\/media?parent=2532"}],"wp:term":[{"taxonomy":"product_brand","embeddable":true,"href":"https:\/\/pnurnigeria.org\/bookstore\/wp-json\/wp\/v2\/product_brand?post=2532"},{"taxonomy":"product_cat","embeddable":true,"href":"https:\/\/pnurnigeria.org\/bookstore\/wp-json\/wp\/v2\/product_cat?post=2532"},{"taxonomy":"product_tag","embeddable":true,"href":"https:\/\/pnurnigeria.org\/bookstore\/wp-json\/wp\/v2\/product_tag?post=2532"}],"curies":[{"name":"wp","href":"https:\/\/api.w.org\/{rel}","templated":true}]}}